{"id":1368,"date":"2025-12-17T07:36:03","date_gmt":"2025-12-17T06:36:03","guid":{"rendered":"https:\/\/wynajmijkontener.pl\/terms-and-conditions-of-use-of-www-wynajmijkontener-pl\/"},"modified":"2025-12-17T07:36:03","modified_gmt":"2025-12-17T06:36:03","slug":"terms-and-conditions-of-use-of-www-wynajmijkontener-pl","status":"publish","type":"page","link":"https:\/\/wynajmijkontener.pl\/en\/terms-and-conditions-of-use-of-www-wynajmijkontener-pl\/","title":{"rendered":"TERMS AND CONDITIONS OF USE OF WWW.WYNAJMIJKONTENER.PL"},"content":{"rendered":"<p>&nbsp;<\/p>\n<ol>\n<li><b>  Introduction<\/b><\/li>\n<\/ol>\n<p><span style=\"font-weight: 400;\">These Terms and Conditions apply to the General Terms and Conditions of Use (hereinafter referred to as the  <\/span><i><span style=\"font-weight: 400;\">&#8220;Terms and Conditions&#8221;<\/span><\/i><span style=\"font-weight: 400;\">) from the site  <\/span><a href=\"http:\/\/www.wynajmijkontener.pl\/\"><span style=\"font-weight: 400;\">www.wynajmijkontener.pl<\/span><\/a><span style=\"font-weight: 400;\">,<\/span><span style=\"font-weight: 400;\">which also accepts redirection directly from the domain  <\/span><a href=\"https:\/\/combros.pl\/\"><span style=\"font-weight: 400;\">https:\/\/combros.pl<\/span><\/a><span style=\"font-weight: 400;\">  (referred to as the given  <\/span><i><span style=\"font-weight: 400;\">&#8220;Website&#8221;.<\/span><\/i><span style=\"font-weight: 400;\">  or  <\/span><i><span style=\"font-weight: 400;\">&#8220;Site.&#8221;<\/span><\/i><span style=\"font-weight: 400;\">), made available by &#8220;COMBROS&#8221; Orzechowscy Sp\u00f3\u0142ka jawna (hereinafter referred to as &#8220;COMBROS&#8221; or &#8220;We&#8221;) based in Krakow, 12 So\u0142tysowska Street, 31-589 Krakow, NIP: 6791314665, KRS:0000324834. <\/span><\/p>\n<ol start=\"2\">\n<li><b>  Tying<\/b><\/li>\n<\/ol>\n<p><span style=\"font-weight: 400;\">By using this site or otherwise accessing it, you agree to be bound by these Terms and Conditions set forth below. Your mere use of this site implies your knowledge and acceptance of these Terms and Conditions. In some specific cases, we may also ask for your express consent.  <\/span><\/p>\n<p><span style=\"font-weight: 400;\">You may be bound by additional agreements related to your relationship with Us or any products or services you receive from Us. If any provisions of additional agreements conflict with the provisions of these Terms, the provisions of those additional agreements will prevail. <\/span><\/p>\n<ol start=\"3\">\n<li><b>  Electronic communication<\/b><\/li>\n<\/ol>\n<p><span style=\"font-weight: 400;\">By using this Website or communicating with us electronically, you agree and acknowledge that we may communicate with you electronically on our Website or by sending you an email, and you agree that all agreements, notices, disclosures and other communications that are provided to you electronically comply with all legal requirements, including but not limited to the requirement that such communications be in writing.<\/span><\/p>\n<ol start=\"4\">\n<li><b>  Intellectual property<\/b><\/li>\n<\/ol>\n<p><span style=\"font-weight: 400;\">We or our licensors own and control all copyrights and other intellectual property rights in the Website and the data, information and other resources displayed or accessible on the Website.<\/span><\/p>\n<p>&nbsp;<\/p>\n<p><b>4.1 All rights are reserved<\/b><\/p>\n<p><span style=\"font-weight: 400;\">Unless otherwise stated in specific content, no license or other rights under copyright, trademark, patent or other intellectual property rights are granted. This means that you will not use, copy, reproduce, perform, display, distribute, embed in any electronic medium, alter, reverse engineer, decompile, upload, download, transmit, monetize, sell, commercialize any resources on this site in any form, without our prior written consent, except and only to the extent that mandatory laws provide otherwise (e.g., the right to quote). <\/span><\/p>\n<p>&nbsp;<\/p>\n<ol start=\"5\">\n<li><b>  Property of third parties<\/b><\/li>\n<\/ol>\n<p><span style=\"font-weight: 400;\">Our Website may contain hyperlinks or other references to third-party websites. We do not monitor or review the content of third-party websites linked from this Website. Products or services offered by other websites are subject to the applicable terms and conditions of those third parties. The opinions expressed or materials appearing on these sites are not necessarily shared or endorsed by Us.   <\/span><\/p>\n<p><span style=\"font-weight: 400;\">We are not responsible for any privacy practices or the content of these sites. You assume all risks associated with the use of these websites and any related third party services. We are not responsible for any loss or damage in any way, regardless of cause, resulting from the disclosure of personal information to third parties.  <\/span><\/p>\n<ol start=\"6\">\n<li><b>  Responsible use<\/b><\/li>\n<\/ol>\n<p><span style=\"font-weight: 400;\">By visiting Our Website, you agree to use Our Website only for the purposes contemplated and permitted by these Terms and Conditions, any additional agreements with Us, and applicable laws, regulations and generally accepted Internet practices and industry guidelines. You may not use Our Website or Services to use, publish or distribute any material that consists of (or is related to) computer malware; use data collected from Our Website for any direct marketing activities; or conduct systematic or automated data collection activities on or in connection with Our Website. <\/span><\/p>\n<p><span style=\"font-weight: 400;\">Engaging in any activity that causes or may cause damage to the Website or interferes with the operation, availability or accessibility of the Website is strictly prohibited.<\/span><\/p>\n<p>&nbsp;<\/p>\n<ol start=\"7\">\n<li><b>  Submission of an idea<\/b><\/li>\n<\/ol>\n<p><span style=\"font-weight: 400;\">Do not send us any ideas, inventions, works of authorship or other information that can be considered intellectual property that you would like to present to us,unless we have previously signed an intellectual property agreement or non-disclosure agreement. If you disclose them to us without such written permission, you grant us a worldwide, irrevocable, non-exclusive, royalty-free license to use, reproduce, store, adapt, publish, translate and distribute your content in any existing or future media. <\/span><\/p>\n<ol start=\"8\">\n<li><b>  Termination of use<\/b><\/li>\n<\/ol>\n<p><span style=\"font-weight: 400;\">We may, in our sole discretion, at any time modify or discontinue your access, temporarily or permanently, to the Website or any service therein. You agree that we will not be liable to you or any third party for any such modification, suspension or discontinuance of your access to or use of the Website or any content you may have provided on the Website. You will not be entitled to any compensation or other payment, even if some of the features, settings and\/or content you have contributed or relied upon are permanently lost. You may not circumvent or bypass or attempt to circumvent or bypass any access restriction measures on Our Website.   <\/span><\/p>\n<p>&nbsp;<\/p>\n<ol start=\"9\">\n<li><b>  Warranties and liability<\/b><\/li>\n<\/ol>\n<p><span style=\"font-weight: 400;\">Nothing in this section limits or excludes any warranty implied by law, the limitation or exclusion of which would be unlawful. This Website and all of its contents are provided on an &#8220;as is&#8221; and &#8220;as available&#8221; basis and may contain inaccuracies or typographical errors. We expressly disclaim all warranties of any kind, express or implied, as to the availability, accuracy or completeness of the content of the Website. We do not warrant that:   <\/span><\/p>\n<ul>\n<li style=\"font-weight: 400;\" aria-level=\"1\"><span style=\"font-weight: 400;\">this Website or Our content will meet your requirements;<\/span><\/li>\n<li style=\"font-weight: 400;\" aria-level=\"1\"><span style=\"font-weight: 400;\">The Website will be available in an uninterrupted, timely, secure and error-free manner.<\/span><\/li>\n<\/ul>\n<p><span style=\"font-weight: 400;\">Nothing on this Site constitutes or is intended to constitute any legal, financial or medical advice. If you need advice, please consult an appropriate professional. <\/span><\/p>\n<p><span style=\"font-weight: 400;\">The following provisions of this section will apply to the maximum extent permitted by applicable law and do not limit or exclude Our liability with respect to any matter for which it would be unlawful to limit or exclude Our liability. In no event shall We be liable for any direct or indirect damages (including loss of profits or revenue, loss or damage to data, software or database, loss or damage to property or data) suffered by You or any third party party arising out of Your access to or use of Our Website. <\/span><\/p>\n<p>&nbsp;<\/p>\n<ol start=\"10\">\n<li><b>  Privacy<\/b><\/li>\n<\/ol>\n<p><span style=\"font-weight: 400;\">To access the Site, use the contact forms on Our Website, you may be asked to provide certain information about yourself. You agree that any information you provide will always be accurate, correct and up-to-date. <\/span><\/p>\n<p><span style=\"font-weight: 400;\">We have developed policies to address any privacy concerns. For more information, please see our <\/span><b>Privacy Statement<\/b><span style=\"font-weight: 400;\"> i <\/span><b>Cookie Policy<\/b><span style=\"font-weight: 400;\">.<\/span><\/p>\n<ol start=\"11\">\n<li><b>  Export Restrictions \/ Legal Compliance<\/b><\/li>\n<\/ol>\n<p><span style=\"font-weight: 400;\">Access to the Website from territories or countries where Content or purchase of products or services sold\/advertised on the Website is illegal is prohibited. You may not use the Website in a manner that violates the laws of the country. <\/span><\/p>\n<ol start=\"12\">\n<li><b>  Transfer of rights and obligations<\/b><\/li>\n<\/ol>\n<p><span style=\"font-weight: 400;\">You may not assign, transfer or subcontract any of your rights and\/or obligations under these Terms and Conditions, in whole or in part, to any third party without Our prior written consent. Any purported assignment in violation of this section will be null and void. <\/span><\/p>\n<p>&nbsp;<\/p>\n<ol start=\"13\">\n<li><b>  Violations of these Regulations<\/b><\/li>\n<\/ol>\n<p><span style=\"font-weight: 400;\">Without prejudice to Our other rights under these Terms and Conditions, if You violate these Terms and Conditions in any way, We may take such action as We deem appropriate to remedy the violation, including temporarily or permanently suspending Your access to the Website, contacting Your Internet Service Provider to request that it block Your access to the Website and\/or taking legal action against You.<\/span><\/p>\n<ol start=\"14\">\n<li><b>  Compensation<\/b><\/li>\n<\/ol>\n<p><span style=\"font-weight: 400;\">You agree to indemnify, defend and hold Us harmless from and against any and all claims, liabilities, damages, losses and expenses related to Your violation of these Terms and Conditions and applicable laws, including intellectual property rights and privacy rights. You shall promptly reimburse Us for Our damages, losses, costs and expenses related to or arising from such claims. <\/span><\/p>\n<ol start=\"15\">\n<li><b>  Waiver<\/b><\/li>\n<\/ol>\n<p><span style=\"font-weight: 400;\">Failure to enforce the specific Terms and Conditions set forth in the Terms and Conditions<\/span><span style=\"font-weight: 400;\"> and\/or agreements related to the operation of the Site and Our business, or failure to exercise the termination option, shall not be construed as a waiver of the specific Terms and Conditions and shall not affect the validity of these Terms and Conditions or any agreement or portion thereof, or any subsequent right to enforce the Terms and Conditions.<\/span><\/p>\n<ol start=\"16\">\n<li><b>  Language<\/b><\/li>\n<\/ol>\n<p><span style=\"font-weight: 400;\">These Regulations will be interpreted exclusively in the Polish language. All notices and correspondence will be written exclusively in this language. <\/span><\/p>\n<ol start=\"17\">\n<li><b>  The entire agreement<\/b><\/li>\n<\/ol>\n<p><span style=\"font-weight: 400;\">This <\/span><b>Regulations<\/b><span style=\"font-weight: 400;\"> and the Terms and Conditions contained herein, together with <\/span><b>Privacy Statement<\/b><span style=\"font-weight: 400;\"> i <\/span><b>Cookies Policy <\/b><span style=\"font-weight: 400;\">constitute the entire contractual basis of the Terms and Conditions of use of this Website between you and &#8220;COMBROS &#8220;Orzechowscy Sp\u00f3\u0142ka jawna, based in Krakow.<\/span><\/p>\n<ol start=\"18\">\n<li><b>  Update of these Regulations<\/b><\/li>\n<\/ol>\n<p><span style=\"font-weight: 400;\">We may update these Terms from time to time. The date stated at the beginning of these Terms and Conditions is the latest update date. We are not required by law to give you written notice of any changes occurring to the Site and its related Terms and Conditions documentation, Privacy Statement and Cookie Policy. Your continued use of this Site following the posting of changes to the Site or updates will be deemed notice of your acceptance of these Terms and Conditions. To request an earlier version of these Terms, please contact Us by email: <\/span><a href=\"mailto:inspektorod@combros.pl\"><span style=\"font-weight: 400;\">inspektorod@combros.pl<\/span><\/a><span style=\"font-weight: 400;\"> or by mail to: 12 Soltysowska Street, 31-589 Krakow.<\/span><\/p>\n<ol start=\"19\">\n<li><b>  Choice of law and jurisdiction<\/b><\/li>\n<\/ol>\n<p><span style=\"font-weight: 400;\">These Terms and Conditions shall be governed by Polish law. All disputes related to these Terms and Conditions shall be subject to the jurisdiction of the Polish courts. The competent court to resolve disputes shall be the Commercial Court for Krakow-\u015ar\u00f3dmie\u015bcie in Krakow.  <\/span><span style=\"font-weight: 400;\"> <\/span><\/p>\n<ol start=\"20\">\n<li><b>  Changes and additions salvatory clause.<\/b><\/li>\n<\/ol>\n<p><span style=\"font-weight: 400;\">If any part or provision of these Terms and Conditions is found by a court or other authority to be invalid and\/or unenforceable under applicable law, such part or provision shall be modified, deleted and\/or enforced to the maximum extent permissible to give effect to the intent of these Terms and Conditions. The remaining provisions will not be affected. <\/span><\/p>\n<ol start=\"21\">\n<li><b>  Contact information<\/b><\/li>\n<\/ol>\n<p><span style=\"font-weight: 400;\">This website is the intellectual property of &#8220;COMBROS&#8221; Orzechowscy Sp\u00f3\u0142ka jawna and is operated by &#8220;COMBROS&#8221; Orzechowscy Sp\u00f3\u0142ka jawna or its contractual partners.<\/span><\/p>\n<p><span style=\"font-weight: 400;\">You may contact us regarding these Terms by sending an email to the following address:  <\/span><\/p>\n<p><a href=\"mailto:inspektorod@combros.pl\"><span style=\"font-weight: 400;\">inspektorod@combros.pl<\/span><\/a><span style=\"font-weight: 400;\"> <\/span><\/p>\n<p><span style=\"font-weight: 400;\">Or by writing by mail to:<\/span><\/p>\n<ol>\n<li><span style=\"font-weight: 400;\">  Soltysowska 12, 31-589 Krak\u00f3w<\/span><\/li>\n<\/ol>\n<p><b>Site Name:  <\/b><\/p>\n<p><a href=\"http:\/\/www.wynajmijkontener.pl\/\"><span style=\"font-weight: 400;\">www.wynajmijkontener.pl<\/span><\/a><\/p>\n<p><b>Website Owner:  <\/b><\/p>\n<p><span style=\"font-weight: 400;\">&#8220;COMBROS&#8221; Orzechowscy Sp\u00f3\u0142ka jawna.<\/span><\/p>\n<p><span style=\"font-weight: 400;\">Headquarters and address:  <\/span><\/p>\n<ol>\n<li><span style=\"font-weight: 400;\">  Soltysowska 12, 31-589 Krak\u00f3w<\/span><\/li>\n<\/ol>\n<p><b>Commercial registry operating the entity:<\/b><span style=\"font-weight: 400;\"> <\/span><\/p>\n<p><span style=\"font-weight: 400;\">District Court for Krakow-\u015ar\u00f3dmie\u015bcie, XI Division of the National Court Register<\/span><\/p>\n<p><span style=\"font-weight: 400;\">KRS number of records kept for the entity: 0000324834<\/span><\/p>\n<p><b>Persons representing the entity:<\/b><\/p>\n<p><span style=\"font-weight: 400;\">Leszek Orzechowski &#8211; Partner<\/span><\/p>\n<p><span style=\"font-weight: 400;\">W\u0142odzimierz Orzechowski &#8211; Partner<\/span><\/p>\n<p><span style=\"font-weight: 400;\">Marcin Orzechowski &#8211; Joint Proxy<\/span><\/p>\n<p><span style=\"font-weight: 400;\">Bart\u0142omiej Orzechowski &#8211; Joint Proxy<\/span><\/p>\n<p><span style=\"font-weight: 400;\">Grzegorz Tokarz &#8211; Joint Proxy<\/span><\/p>\n<p>&nbsp;<\/p>\n","protected":false},"excerpt":{"rendered":"<p>&nbsp; Introduction These Terms and Conditions apply to the General Terms and Conditions of Use (hereinafter referred to as the &#8220;Terms and Conditions&#8221;) from the site www.wynajmijkontener.pl,which also accepts redirection directly from the domain https:\/\/combros.pl (referred to as the given &#8220;Website&#8221;. or &#8220;Site.&#8221;), made available by &#8220;COMBROS&#8221; Orzechowscy Sp\u00f3\u0142ka jawna (hereinafter referred to as &#8220;COMBROS&#8221;<\/p>\n","protected":false},"author":1,"featured_media":0,"parent":0,"menu_order":0,"comment_status":"closed","ping_status":"closed","template":"","meta":{"footnotes":""},"class_list":["post-1368","page","type-page","status-publish","hentry"],"yoast_head":"<!-- This site is optimized with the Yoast SEO plugin v27.4 - https:\/\/yoast.com\/product\/yoast-seo-wordpress\/ -->\n<title>TERMS AND CONDITIONS OF USE OF WWW.WYNAJMIJKONTENER.PL - Kontenery<\/title>\n<meta name=\"robots\" content=\"index, follow, max-snippet:-1, max-image-preview:large, max-video-preview:-1\" \/>\n<link rel=\"canonical\" href=\"https:\/\/wynajmijkontener.pl\/en\/terms-and-conditions-of-use-of-www-wynajmijkontener-pl\/\" \/>\n<meta property=\"og:locale\" content=\"en_US\" \/>\n<meta property=\"og:type\" content=\"article\" \/>\n<meta property=\"og:title\" content=\"TERMS AND CONDITIONS OF USE OF WWW.WYNAJMIJKONTENER.PL - Kontenery\" \/>\n<meta property=\"og:description\" content=\"&nbsp; Introduction These Terms and Conditions apply to the General Terms and Conditions of Use (hereinafter referred to as the &#8220;Terms and Conditions&#8221;) from the site www.wynajmijkontener.pl,which also accepts redirection directly from the domain https:\/\/combros.pl (referred to as the given &#8220;Website&#8221;. or &#8220;Site.&#8221;), made available by &#8220;COMBROS&#8221; Orzechowscy Sp\u00f3\u0142ka jawna (hereinafter referred to as &#8220;COMBROS&#8221;\" \/>\n<meta property=\"og:url\" content=\"https:\/\/wynajmijkontener.pl\/en\/terms-and-conditions-of-use-of-www-wynajmijkontener-pl\/\" \/>\n<meta property=\"og:site_name\" content=\"Kontenery\" \/>\n<meta name=\"twitter:card\" content=\"summary_large_image\" \/>\n<meta name=\"twitter:label1\" content=\"Est. reading time\" \/>\n\t<meta name=\"twitter:data1\" content=\"9 minutes\" \/>\n<script type=\"application\/ld+json\" class=\"yoast-schema-graph\">{\"@context\":\"https:\\\/\\\/schema.org\",\"@graph\":[{\"@type\":\"WebPage\",\"@id\":\"https:\\\/\\\/wynajmijkontener.pl\\\/en\\\/terms-and-conditions-of-use-of-www-wynajmijkontener-pl\\\/\",\"url\":\"https:\\\/\\\/wynajmijkontener.pl\\\/en\\\/terms-and-conditions-of-use-of-www-wynajmijkontener-pl\\\/\",\"name\":\"TERMS AND CONDITIONS OF USE OF WWW.WYNAJMIJKONTENER.PL - Kontenery\",\"isPartOf\":{\"@id\":\"https:\\\/\\\/wynajmijkontener.pl\\\/en\\\/#website\"},\"datePublished\":\"2025-12-17T06:36:03+00:00\",\"breadcrumb\":{\"@id\":\"https:\\\/\\\/wynajmijkontener.pl\\\/en\\\/terms-and-conditions-of-use-of-www-wynajmijkontener-pl\\\/#breadcrumb\"},\"inLanguage\":\"en-US\",\"potentialAction\":[{\"@type\":\"ReadAction\",\"target\":[\"https:\\\/\\\/wynajmijkontener.pl\\\/en\\\/terms-and-conditions-of-use-of-www-wynajmijkontener-pl\\\/\"]}]},{\"@type\":\"BreadcrumbList\",\"@id\":\"https:\\\/\\\/wynajmijkontener.pl\\\/en\\\/terms-and-conditions-of-use-of-www-wynajmijkontener-pl\\\/#breadcrumb\",\"itemListElement\":[{\"@type\":\"ListItem\",\"position\":1,\"name\":\"Strona g\u0142\u00f3wna\",\"item\":\"https:\\\/\\\/wynajmijkontener.pl\\\/en\\\/\"},{\"@type\":\"ListItem\",\"position\":2,\"name\":\"TERMS AND CONDITIONS OF USE OF WWW.WYNAJMIJKONTENER.PL\"}]},{\"@type\":\"WebSite\",\"@id\":\"https:\\\/\\\/wynajmijkontener.pl\\\/en\\\/#website\",\"url\":\"https:\\\/\\\/wynajmijkontener.pl\\\/en\\\/\",\"name\":\"Kontenery\",\"description\":\"\",\"potentialAction\":[{\"@type\":\"SearchAction\",\"target\":{\"@type\":\"EntryPoint\",\"urlTemplate\":\"https:\\\/\\\/wynajmijkontener.pl\\\/en\\\/?s={search_term_string}\"},\"query-input\":{\"@type\":\"PropertyValueSpecification\",\"valueRequired\":true,\"valueName\":\"search_term_string\"}}],\"inLanguage\":\"en-US\"}]}<\/script>\n<!-- \/ Yoast SEO plugin. -->","yoast_head_json":{"title":"TERMS AND CONDITIONS OF USE OF WWW.WYNAJMIJKONTENER.PL - Kontenery","robots":{"index":"index","follow":"follow","max-snippet":"max-snippet:-1","max-image-preview":"max-image-preview:large","max-video-preview":"max-video-preview:-1"},"canonical":"https:\/\/wynajmijkontener.pl\/en\/terms-and-conditions-of-use-of-www-wynajmijkontener-pl\/","og_locale":"en_US","og_type":"article","og_title":"TERMS AND CONDITIONS OF USE OF WWW.WYNAJMIJKONTENER.PL - Kontenery","og_description":"&nbsp; Introduction These Terms and Conditions apply to the General Terms and Conditions of Use (hereinafter referred to as the &#8220;Terms and Conditions&#8221;) from the site www.wynajmijkontener.pl,which also accepts redirection directly from the domain https:\/\/combros.pl (referred to as the given &#8220;Website&#8221;. or &#8220;Site.&#8221;), made available by &#8220;COMBROS&#8221; Orzechowscy Sp\u00f3\u0142ka jawna (hereinafter referred to as &#8220;COMBROS&#8221;","og_url":"https:\/\/wynajmijkontener.pl\/en\/terms-and-conditions-of-use-of-www-wynajmijkontener-pl\/","og_site_name":"Kontenery","twitter_card":"summary_large_image","twitter_misc":{"Est. reading time":"9 minutes"},"schema":{"@context":"https:\/\/schema.org","@graph":[{"@type":"WebPage","@id":"https:\/\/wynajmijkontener.pl\/en\/terms-and-conditions-of-use-of-www-wynajmijkontener-pl\/","url":"https:\/\/wynajmijkontener.pl\/en\/terms-and-conditions-of-use-of-www-wynajmijkontener-pl\/","name":"TERMS AND CONDITIONS OF USE OF WWW.WYNAJMIJKONTENER.PL - Kontenery","isPartOf":{"@id":"https:\/\/wynajmijkontener.pl\/en\/#website"},"datePublished":"2025-12-17T06:36:03+00:00","breadcrumb":{"@id":"https:\/\/wynajmijkontener.pl\/en\/terms-and-conditions-of-use-of-www-wynajmijkontener-pl\/#breadcrumb"},"inLanguage":"en-US","potentialAction":[{"@type":"ReadAction","target":["https:\/\/wynajmijkontener.pl\/en\/terms-and-conditions-of-use-of-www-wynajmijkontener-pl\/"]}]},{"@type":"BreadcrumbList","@id":"https:\/\/wynajmijkontener.pl\/en\/terms-and-conditions-of-use-of-www-wynajmijkontener-pl\/#breadcrumb","itemListElement":[{"@type":"ListItem","position":1,"name":"Strona g\u0142\u00f3wna","item":"https:\/\/wynajmijkontener.pl\/en\/"},{"@type":"ListItem","position":2,"name":"TERMS AND CONDITIONS OF USE OF WWW.WYNAJMIJKONTENER.PL"}]},{"@type":"WebSite","@id":"https:\/\/wynajmijkontener.pl\/en\/#website","url":"https:\/\/wynajmijkontener.pl\/en\/","name":"Kontenery","description":"","potentialAction":[{"@type":"SearchAction","target":{"@type":"EntryPoint","urlTemplate":"https:\/\/wynajmijkontener.pl\/en\/?s={search_term_string}"},"query-input":{"@type":"PropertyValueSpecification","valueRequired":true,"valueName":"search_term_string"}}],"inLanguage":"en-US"}]}},"_links":{"self":[{"href":"https:\/\/wynajmijkontener.pl\/en\/wp-json\/wp\/v2\/pages\/1368","targetHints":{"allow":["GET"]}}],"collection":[{"href":"https:\/\/wynajmijkontener.pl\/en\/wp-json\/wp\/v2\/pages"}],"about":[{"href":"https:\/\/wynajmijkontener.pl\/en\/wp-json\/wp\/v2\/types\/page"}],"author":[{"embeddable":true,"href":"https:\/\/wynajmijkontener.pl\/en\/wp-json\/wp\/v2\/users\/1"}],"replies":[{"embeddable":true,"href":"https:\/\/wynajmijkontener.pl\/en\/wp-json\/wp\/v2\/comments?post=1368"}],"version-history":[{"count":0,"href":"https:\/\/wynajmijkontener.pl\/en\/wp-json\/wp\/v2\/pages\/1368\/revisions"}],"wp:attachment":[{"href":"https:\/\/wynajmijkontener.pl\/en\/wp-json\/wp\/v2\/media?parent=1368"}],"curies":[{"name":"wp","href":"https:\/\/api.w.org\/{rel}","templated":true}]}}